{"id":5121,"date":"2022-09-06T12:32:42","date_gmt":"2022-09-06T12:32:42","guid":{"rendered":"https:\/\/host-curoz.be\/faq\/"},"modified":"2025-01-21T09:33:36","modified_gmt":"2025-01-21T09:33:36","slug":"faq","status":"publish","type":"page","link":"https:\/\/host-curoz.be\/fr\/faq\/","title":{"rendered":"FAQ"},"content":{"rendered":"\t\t<div data-elementor-type=\"wp-page\" data-elementor-id=\"5121\" class=\"elementor elementor-5121 elementor-4472\" data-elementor-post-type=\"page\">\n\t\t\t\t\t\t<section class=\"elementor-section elementor-top-section elementor-element elementor-element-388c237d elementor-section-content-middle elementor-section-boxed elementor-section-height-default elementor-section-height-default\" data-id=\"388c237d\" data-element_type=\"section\" data-e-type=\"section\" data-settings=\"{&quot;background_background&quot;:&quot;classic&quot;}\">\n\t\t\t\t\t\t\t<div class=\"elementor-background-overlay\"><\/div>\n\t\t\t\t\t\t\t<div class=\"elementor-container elementor-column-gap-default\">\n\t\t\t\t\t<div class=\"elementor-column elementor-col-100 elementor-top-column elementor-element elementor-element-55abb35c\" data-id=\"55abb35c\" data-element_type=\"column\" data-e-type=\"column\">\n\t\t\t<div class=\"elementor-widget-wrap elementor-element-populated\">\n\t\t\t\t\t\t<div class=\"elementor-element elementor-element-de4c5e4 elementor-widget elementor-widget-heading\" data-id=\"de4c5e4\" data-element_type=\"widget\" data-e-type=\"widget\" data-widget_type=\"heading.default\">\n\t\t\t\t<div class=\"elementor-widget-container\">\n\t\t\t\t\t<h2 class=\"elementor-heading-title elementor-size-default\">FAQ<\/h2>\t\t\t\t<\/div>\n\t\t\t\t<\/div>\n\t\t\t\t<div class=\"elementor-element elementor-element-a4021a4 elementor-widget elementor-widget-text-editor\" data-id=\"a4021a4\" data-element_type=\"widget\" data-e-type=\"widget\" data-widget_type=\"text-editor.default\">\n\t\t\t\t<div class=\"elementor-widget-container\">\n\t\t\t\t\t\t\t\t\t<p>Dans cette rubrique \u2018FAQ\u2019 nous recueillons les questions que l&rsquo;\u00e9quipe HOST CUROZ re\u00e7oit r\u00e9guli\u00e8rement. Les r\u00e9ponses \u00e0 ces questions peuvent \u00e9galement aider d&rsquo;autres organisations et peuvent fournir une r\u00e9ponse rapide \u00e0 votre question individuelle.<\/p>\n\t\t\t\t\t\t\t\t<\/div>\n\t\t\t\t<\/div>\n\t\t\t\t<div class=\"elementor-element elementor-element-8718700 elementor-widget elementor-widget-accordion\" data-id=\"8718700\" data-element_type=\"widget\" data-e-type=\"widget\" data-widget_type=\"accordion.default\">\n\t\t\t\t<div class=\"elementor-widget-container\">\n\t\t\t\t\t\t\t<div class=\"elementor-accordion\">\n\t\t\t\t\t\t\t<div class=\"elementor-accordion-item\">\n\t\t\t\t\t<div id=\"elementor-tab-title-1411\" class=\"elementor-tab-title\" data-tab=\"1\" role=\"button\" aria-controls=\"elementor-tab-content-1411\" aria-expanded=\"false\">\n\t\t\t\t\t\t\t\t\t\t\t\t\t<span class=\"elementor-accordion-icon elementor-accordion-icon-left\" aria-hidden=\"true\">\n\t\t\t\t\t\t\t\t\t\t\t\t\t\t\t<span class=\"elementor-accordion-icon-closed\"><i class=\"fas fa-plus\"><\/i><\/span>\n\t\t\t\t\t\t\t\t<span class=\"elementor-accordion-icon-opened\"><i class=\"fas fa-minus\"><\/i><\/span>\n\t\t\t\t\t\t\t\t\t\t\t\t\t\t<\/span>\n\t\t\t\t\t\t\t\t\t\t\t\t<a class=\"elementor-accordion-title\" tabindex=\"0\">Que sont les pr\u00e9cautions g\u00e9n\u00e9rales ou les pr\u00e9cautions standard ?<\/a>\n\t\t\t\t\t<\/div>\n\t\t\t\t\t<div id=\"elementor-tab-content-1411\" class=\"elementor-tab-content elementor-clearfix\" data-tab=\"1\" role=\"region\" aria-labelledby=\"elementor-tab-title-1411\"><p>Les pr\u00e9cautions g\u00e9n\u00e9rales ou les pr\u00e9cautions standard sont des mesures qui doivent \u00eatre appliqu\u00e9es par chaque prestataire de soins de sant\u00e9, \u00e0 chaque patient\/r\u00e9sident et \u00e0 chaque contact avec les soins de sant\u00e9. L&rsquo;application de ces mesures r\u00e9duit non seulement le risque de transfert de germes entre patients\/r\u00e9sidents, mais prot\u00e8ge \u00e9galement le prestataire de soins contre les germes du patient\/r\u00e9sident.<\/p><p>Concr\u00e8tement, cela concerne l&rsquo;application d&rsquo;une bonne hygi\u00e8ne des mains, le port des \u00e9quipements de protection individuelle, le nettoyage et la d\u00e9sinfection du mat\u00e9riel, la pr\u00e9vention des accidents de piq\u00fbre d&rsquo;aiguille, la s\u00e9paration entre le propre et le sale, etc.<\/p><p>Pour plus d&rsquo;informations : voir Departement Zorg (en n\u00e9erlandais)<\/p><ul><li><a href=\"https:\/\/www.zorg-en-gezondheid.be\/sites\/default\/files\/2022-04\/Werkinstrument%20Infectiepreventiebeleid%20Vlaamse%20woonzorgcentra_jan2020.pdf.pdf\" target=\"_blank\" rel=\"noopener\">Chapitre 4 de l&rsquo;Instrument de travail Politique de pr\u00e9vention des infections Centres de soins r\u00e9sidentiels flamands<\/a><\/li><\/ul><\/div>\n\t\t\t\t<\/div>\n\t\t\t\t\t\t\t\t<\/div>\n\t\t\t\t\t\t<\/div>\n\t\t\t\t<\/div>\n\t\t\t\t\t<\/div>\n\t\t<\/div>\n\t\t\t\t\t<\/div>\n\t\t<\/section>\n\t\t\t\t<\/div>\n\t\t","protected":false},"excerpt":{"rendered":"<p>FAQ Dans cette rubrique \u2018FAQ\u2019 nous recueillons les questions que l&rsquo;\u00e9quipe HOST CUROZ re\u00e7oit r\u00e9guli\u00e8rement. Les r\u00e9ponses \u00e0 ces questions peuvent \u00e9galement aider d&rsquo;autres organisations et peuvent fournir une r\u00e9ponse rapide \u00e0 votre question individuelle. Que sont les pr\u00e9cautions g\u00e9n\u00e9rales ou les pr\u00e9cautions standard ? Les pr\u00e9cautions g\u00e9n\u00e9rales ou les pr\u00e9cautions standard sont des mesures [&hellip;]<\/p>\n","protected":false},"author":1,"featured_media":0,"parent":0,"menu_order":0,"comment_status":"closed","ping_status":"closed","template":"elementor_header_footer","meta":{"footnotes":""},"class_list":["post-5121","page","type-page","status-publish","hentry"],"yoast_head":"<!-- This site is optimized with the Yoast SEO plugin v27.4 - https:\/\/yoast.com\/product\/yoast-seo-wordpress\/ -->\n<title>FAQ - Curoz Host<\/title>\n<meta name=\"robots\" content=\"index, follow, max-snippet:-1, max-image-preview:large, max-video-preview:-1\" \/>\n<link rel=\"canonical\" href=\"https:\/\/host-curoz.be\/fr\/faq\/\" \/>\n<meta property=\"og:locale\" content=\"fr_FR\" \/>\n<meta property=\"og:type\" content=\"article\" \/>\n<meta property=\"og:title\" content=\"FAQ - Curoz Host\" \/>\n<meta property=\"og:description\" content=\"FAQ Dans cette rubrique \u2018FAQ\u2019 nous recueillons les questions que l&rsquo;\u00e9quipe HOST CUROZ re\u00e7oit r\u00e9guli\u00e8rement. Les r\u00e9ponses \u00e0 ces questions peuvent \u00e9galement aider d&rsquo;autres organisations et peuvent fournir une r\u00e9ponse rapide \u00e0 votre question individuelle. Que sont les pr\u00e9cautions g\u00e9n\u00e9rales ou les pr\u00e9cautions standard ? Les pr\u00e9cautions g\u00e9n\u00e9rales ou les pr\u00e9cautions standard sont des mesures [&hellip;]\" \/>\n<meta property=\"og:url\" content=\"https:\/\/host-curoz.be\/fr\/faq\/\" \/>\n<meta property=\"og:site_name\" content=\"Curoz Host\" \/>\n<meta property=\"article:modified_time\" content=\"2025-01-21T09:33:36+00:00\" \/>\n<meta name=\"twitter:card\" content=\"summary_large_image\" \/>\n<meta name=\"twitter:label1\" content=\"Dur\u00e9e de lecture estim\u00e9e\" \/>\n\t<meta name=\"twitter:data1\" content=\"1 minute\" \/>\n<script type=\"application\/ld+json\" class=\"yoast-schema-graph\">{\"@context\":\"https:\\\/\\\/schema.org\",\"@graph\":[{\"@type\":\"WebPage\",\"@id\":\"https:\\\/\\\/host-curoz.be\\\/fr\\\/faq\\\/\",\"url\":\"https:\\\/\\\/host-curoz.be\\\/fr\\\/faq\\\/\",\"name\":\"FAQ - Curoz Host\",\"isPartOf\":{\"@id\":\"https:\\\/\\\/host-curoz.be\\\/fr\\\/#website\"},\"datePublished\":\"2022-09-06T12:32:42+00:00\",\"dateModified\":\"2025-01-21T09:33:36+00:00\",\"breadcrumb\":{\"@id\":\"https:\\\/\\\/host-curoz.be\\\/fr\\\/faq\\\/#breadcrumb\"},\"inLanguage\":\"fr-FR\",\"potentialAction\":[{\"@type\":\"ReadAction\",\"target\":[\"https:\\\/\\\/host-curoz.be\\\/fr\\\/faq\\\/\"]}]},{\"@type\":\"BreadcrumbList\",\"@id\":\"https:\\\/\\\/host-curoz.be\\\/fr\\\/faq\\\/#breadcrumb\",\"itemListElement\":[{\"@type\":\"ListItem\",\"position\":1,\"name\":\"Home\",\"item\":\"https:\\\/\\\/host-curoz.be\\\/fr\\\/\"},{\"@type\":\"ListItem\",\"position\":2,\"name\":\"FAQ\"}]},{\"@type\":\"WebSite\",\"@id\":\"https:\\\/\\\/host-curoz.be\\\/fr\\\/#website\",\"url\":\"https:\\\/\\\/host-curoz.be\\\/fr\\\/\",\"name\":\"Curoz Host\",\"description\":\"\",\"publisher\":{\"@id\":\"https:\\\/\\\/host-curoz.be\\\/fr\\\/#organization\"},\"potentialAction\":[{\"@type\":\"SearchAction\",\"target\":{\"@type\":\"EntryPoint\",\"urlTemplate\":\"https:\\\/\\\/host-curoz.be\\\/fr\\\/?s={search_term_string}\"},\"query-input\":{\"@type\":\"PropertyValueSpecification\",\"valueRequired\":true,\"valueName\":\"search_term_string\"}}],\"inLanguage\":\"fr-FR\"},{\"@type\":\"Organization\",\"@id\":\"https:\\\/\\\/host-curoz.be\\\/fr\\\/#organization\",\"name\":\"Curoz Host\",\"url\":\"https:\\\/\\\/host-curoz.be\\\/fr\\\/\",\"logo\":{\"@type\":\"ImageObject\",\"inLanguage\":\"fr-FR\",\"@id\":\"https:\\\/\\\/host-curoz.be\\\/fr\\\/#\\\/schema\\\/logo\\\/image\\\/\",\"url\":\"https:\\\/\\\/host-curoz.be\\\/wp-content\\\/uploads\\\/2022\\\/06\\\/HOST-CUROZ.png\",\"contentUrl\":\"https:\\\/\\\/host-curoz.be\\\/wp-content\\\/uploads\\\/2022\\\/06\\\/HOST-CUROZ.png\",\"width\":208,\"height\":216,\"caption\":\"Curoz Host\"},\"image\":{\"@id\":\"https:\\\/\\\/host-curoz.be\\\/fr\\\/#\\\/schema\\\/logo\\\/image\\\/\"}}]}<\/script>\n<!-- \/ Yoast SEO plugin. -->","yoast_head_json":{"title":"FAQ - Curoz Host","robots":{"index":"index","follow":"follow","max-snippet":"max-snippet:-1","max-image-preview":"max-image-preview:large","max-video-preview":"max-video-preview:-1"},"canonical":"https:\/\/host-curoz.be\/fr\/faq\/","og_locale":"fr_FR","og_type":"article","og_title":"FAQ - Curoz Host","og_description":"FAQ Dans cette rubrique \u2018FAQ\u2019 nous recueillons les questions que l&rsquo;\u00e9quipe HOST CUROZ re\u00e7oit r\u00e9guli\u00e8rement. Les r\u00e9ponses \u00e0 ces questions peuvent \u00e9galement aider d&rsquo;autres organisations et peuvent fournir une r\u00e9ponse rapide \u00e0 votre question individuelle. Que sont les pr\u00e9cautions g\u00e9n\u00e9rales ou les pr\u00e9cautions standard ? Les pr\u00e9cautions g\u00e9n\u00e9rales ou les pr\u00e9cautions standard sont des mesures [&hellip;]","og_url":"https:\/\/host-curoz.be\/fr\/faq\/","og_site_name":"Curoz Host","article_modified_time":"2025-01-21T09:33:36+00:00","twitter_card":"summary_large_image","twitter_misc":{"Dur\u00e9e de lecture estim\u00e9e":"1 minute"},"schema":{"@context":"https:\/\/schema.org","@graph":[{"@type":"WebPage","@id":"https:\/\/host-curoz.be\/fr\/faq\/","url":"https:\/\/host-curoz.be\/fr\/faq\/","name":"FAQ - Curoz Host","isPartOf":{"@id":"https:\/\/host-curoz.be\/fr\/#website"},"datePublished":"2022-09-06T12:32:42+00:00","dateModified":"2025-01-21T09:33:36+00:00","breadcrumb":{"@id":"https:\/\/host-curoz.be\/fr\/faq\/#breadcrumb"},"inLanguage":"fr-FR","potentialAction":[{"@type":"ReadAction","target":["https:\/\/host-curoz.be\/fr\/faq\/"]}]},{"@type":"BreadcrumbList","@id":"https:\/\/host-curoz.be\/fr\/faq\/#breadcrumb","itemListElement":[{"@type":"ListItem","position":1,"name":"Home","item":"https:\/\/host-curoz.be\/fr\/"},{"@type":"ListItem","position":2,"name":"FAQ"}]},{"@type":"WebSite","@id":"https:\/\/host-curoz.be\/fr\/#website","url":"https:\/\/host-curoz.be\/fr\/","name":"Curoz Host","description":"","publisher":{"@id":"https:\/\/host-curoz.be\/fr\/#organization"},"potentialAction":[{"@type":"SearchAction","target":{"@type":"EntryPoint","urlTemplate":"https:\/\/host-curoz.be\/fr\/?s={search_term_string}"},"query-input":{"@type":"PropertyValueSpecification","valueRequired":true,"valueName":"search_term_string"}}],"inLanguage":"fr-FR"},{"@type":"Organization","@id":"https:\/\/host-curoz.be\/fr\/#organization","name":"Curoz Host","url":"https:\/\/host-curoz.be\/fr\/","logo":{"@type":"ImageObject","inLanguage":"fr-FR","@id":"https:\/\/host-curoz.be\/fr\/#\/schema\/logo\/image\/","url":"https:\/\/host-curoz.be\/wp-content\/uploads\/2022\/06\/HOST-CUROZ.png","contentUrl":"https:\/\/host-curoz.be\/wp-content\/uploads\/2022\/06\/HOST-CUROZ.png","width":208,"height":216,"caption":"Curoz Host"},"image":{"@id":"https:\/\/host-curoz.be\/fr\/#\/schema\/logo\/image\/"}}]}},"_links":{"self":[{"href":"https:\/\/host-curoz.be\/fr\/wp-json\/wp\/v2\/pages\/5121","targetHints":{"allow":["GET"]}}],"collection":[{"href":"https:\/\/host-curoz.be\/fr\/wp-json\/wp\/v2\/pages"}],"about":[{"href":"https:\/\/host-curoz.be\/fr\/wp-json\/wp\/v2\/types\/page"}],"author":[{"embeddable":true,"href":"https:\/\/host-curoz.be\/fr\/wp-json\/wp\/v2\/users\/1"}],"replies":[{"embeddable":true,"href":"https:\/\/host-curoz.be\/fr\/wp-json\/wp\/v2\/comments?post=5121"}],"version-history":[{"count":7,"href":"https:\/\/host-curoz.be\/fr\/wp-json\/wp\/v2\/pages\/5121\/revisions"}],"predecessor-version":[{"id":8102,"href":"https:\/\/host-curoz.be\/fr\/wp-json\/wp\/v2\/pages\/5121\/revisions\/8102"}],"wp:attachment":[{"href":"https:\/\/host-curoz.be\/fr\/wp-json\/wp\/v2\/media?parent=5121"}],"curies":[{"name":"wp","href":"https:\/\/api.w.org\/{rel}","templated":true}]}}