{"id":5113,"date":"2022-09-06T12:28:12","date_gmt":"2022-09-06T12:28:12","guid":{"rendered":"https:\/\/host-curoz.be\/service-de-garde\/"},"modified":"2025-12-01T15:18:06","modified_gmt":"2025-12-01T15:18:06","slug":"service-de-garde","status":"publish","type":"page","link":"https:\/\/host-curoz.be\/fr\/service-de-garde\/","title":{"rendered":"Service de garde"},"content":{"rendered":"\t\t<div data-elementor-type=\"wp-page\" data-elementor-id=\"5113\" class=\"elementor elementor-5113 elementor-4439\" data-elementor-post-type=\"page\">\n\t\t\t\t\t\t<section class=\"elementor-section elementor-top-section elementor-element elementor-element-388c237d elementor-section-content-middle elementor-section-boxed elementor-section-height-default elementor-section-height-default\" data-id=\"388c237d\" data-element_type=\"section\" data-e-type=\"section\" data-settings=\"{&quot;background_background&quot;:&quot;classic&quot;}\">\n\t\t\t\t\t\t\t<div class=\"elementor-background-overlay\"><\/div>\n\t\t\t\t\t\t\t<div class=\"elementor-container elementor-column-gap-default\">\n\t\t\t\t\t<div class=\"elementor-column elementor-col-100 elementor-top-column elementor-element elementor-element-55abb35c\" data-id=\"55abb35c\" data-element_type=\"column\" data-e-type=\"column\">\n\t\t\t<div class=\"elementor-widget-wrap elementor-element-populated\">\n\t\t\t\t\t\t<div class=\"elementor-element elementor-element-de4c5e4 elementor-widget elementor-widget-heading\" data-id=\"de4c5e4\" data-element_type=\"widget\" data-e-type=\"widget\" data-widget_type=\"heading.default\">\n\t\t\t\t<div class=\"elementor-widget-container\">\n\t\t\t\t\t<h2 class=\"elementor-heading-title elementor-size-default\">Service de garde<\/h2>\t\t\t\t<\/div>\n\t\t\t\t<\/div>\n\t\t\t\t<div class=\"elementor-element elementor-element-a4021a4 elementor-widget elementor-widget-text-editor\" data-id=\"a4021a4\" data-element_type=\"widget\" data-e-type=\"widget\" data-widget_type=\"text-editor.default\">\n\t\t\t\t<div class=\"elementor-widget-container\">\n\t\t\t\t\t\t\t\t\t<p>Les services gouvernementaux r\u00e9gionaux sont le premier point de contact pour les maladies infectieuses \u00e0 d\u00e9claration obligatoire et en cas d&rsquo;\u00e9pid\u00e9mies.<\/p>\t\t\t\t\t\t\t\t<\/div>\n\t\t\t\t<\/div>\n\t\t\t\t<div class=\"elementor-element elementor-element-919654b elementor-widget elementor-widget-text-editor\" data-id=\"919654b\" data-element_type=\"widget\" data-e-type=\"widget\" data-widget_type=\"text-editor.default\">\n\t\t\t\t<div class=\"elementor-widget-container\">\n\t\t\t\t\t\t\t\t\t<p><strong>Flandre \u2013 Departement Zorg<\/strong><\/p>\t\t\t\t\t\t\t\t<\/div>\n\t\t\t\t<\/div>\n\t\t\t\t<div class=\"elementor-element elementor-element-e28d2fc elementor-icon-list--layout-traditional elementor-list-item-link-full_width elementor-widget elementor-widget-icon-list\" data-id=\"e28d2fc\" data-element_type=\"widget\" data-e-type=\"widget\" data-widget_type=\"icon-list.default\">\n\t\t\t\t<div class=\"elementor-widget-container\">\n\t\t\t\t\t\t\t<ul class=\"elementor-icon-list-items\">\n\t\t\t\t\t\t\t<li class=\"elementor-icon-list-item\">\n\t\t\t\t\t\t\t\t\t\t\t<a href=\"https:\/\/www.zorg-en-gezondheid.be\/contact-infectieziektebestrijding-en-vaccinatie\" target=\"_blank\">\n\n\t\t\t\t\t\t\t\t\t\t\t\t<span class=\"elementor-icon-list-icon\">\n\t\t\t\t\t\t\t<i aria-hidden=\"true\" class=\"fas fa-dot-circle\"><\/i>\t\t\t\t\t\t<\/span>\n\t\t\t\t\t\t\t\t\t\t<span class=\"elementor-icon-list-text\">https:\/\/www.zorg-en-gezondheid.be\/contact-infectieziektebestrijding-en-vaccinatie<\/span>\n\t\t\t\t\t\t\t\t\t\t\t<\/a>\n\t\t\t\t\t\t\t\t\t<\/li>\n\t\t\t\t\t\t\t\t<li class=\"elementor-icon-list-item\">\n\t\t\t\t\t\t\t\t\t\t\t<span class=\"elementor-icon-list-icon\">\n\t\t\t\t\t\t\t<i aria-hidden=\"true\" class=\"fas fa-dot-circle\"><\/i>\t\t\t\t\t\t<\/span>\n\t\t\t\t\t\t\t\t\t\t<span class=\"elementor-icon-list-text\">Flandre Orientale : Dr Kris Keersmaekers - 02\/533 08 94<\/span>\n\t\t\t\t\t\t\t\t\t<\/li>\n\t\t\t\t\t\t\t\t<li class=\"elementor-icon-list-item\">\n\t\t\t\t\t\t\t\t\t\t\t<span class=\"elementor-icon-list-icon\">\n\t\t\t\t\t\t\t<i aria-hidden=\"true\" class=\"fas fa-dot-circle\"><\/i>\t\t\t\t\t\t<\/span>\n\t\t\t\t\t\t\t\t\t\t<span class=\"elementor-icon-list-text\">Brabant Flamand : Dr Wouter Dhaeze - 02\/533 08 93<\/span>\n\t\t\t\t\t\t\t\t\t<\/li>\n\t\t\t\t\t\t\t\t<li class=\"elementor-icon-list-item\">\n\t\t\t\t\t\t\t\t\t\t\t<span class=\"elementor-icon-list-icon\">\n\t\t\t\t\t\t\t<i aria-hidden=\"true\" class=\"fas fa-dot-circle\"><\/i>\t\t\t\t\t\t<\/span>\n\t\t\t\t\t\t\t\t\t\t<span class=\"elementor-icon-list-text\">Apr\u00e8s les heures de bureau 02\/512 93 89 <\/span>\n\t\t\t\t\t\t\t\t\t<\/li>\n\t\t\t\t\t\t\t\t<li class=\"elementor-icon-list-item\">\n\t\t\t\t\t\t\t\t\t\t\t<a href=\"https:\/\/www.zorg-en-gezondheid.be\/procedures\/een-meldingsplichtige-infectieziekte-aangeven\" target=\"_blank\">\n\n\t\t\t\t\t\t\t\t\t\t\t\t<span class=\"elementor-icon-list-icon\">\n\t\t\t\t\t\t\t<i aria-hidden=\"true\" class=\"fas fa-dot-circle\"><\/i>\t\t\t\t\t\t<\/span>\n\t\t\t\t\t\t\t\t\t\t<span class=\"elementor-icon-list-text\">Lien vers declaration des maladies infectieuses<\/span>\n\t\t\t\t\t\t\t\t\t\t\t<\/a>\n\t\t\t\t\t\t\t\t\t<\/li>\n\t\t\t\t\t\t<\/ul>\n\t\t\t\t\t\t<\/div>\n\t\t\t\t<\/div>\n\t\t\t\t<div class=\"elementor-element elementor-element-5181d43 elementor-widget elementor-widget-text-editor\" data-id=\"5181d43\" data-element_type=\"widget\" data-e-type=\"widget\" data-widget_type=\"text-editor.default\">\n\t\t\t\t<div class=\"elementor-widget-container\">\n\t\t\t\t\t\t\t\t\t<p><strong>Bruxelles : Vivalis (Cocom)<\/strong><\/p>\t\t\t\t\t\t\t\t<\/div>\n\t\t\t\t<\/div>\n\t\t\t\t<div class=\"elementor-element elementor-element-0512065 elementor-icon-list--layout-traditional elementor-list-item-link-full_width elementor-widget elementor-widget-icon-list\" data-id=\"0512065\" data-element_type=\"widget\" data-e-type=\"widget\" data-widget_type=\"icon-list.default\">\n\t\t\t\t<div class=\"elementor-widget-container\">\n\t\t\t\t\t\t\t<ul class=\"elementor-icon-list-items\">\n\t\t\t\t\t\t\t<li class=\"elementor-icon-list-item\">\n\t\t\t\t\t\t\t\t\t\t\t<a href=\"https:\/\/www.vivalis.brussels\/fr\/prevenir-et-agir\/surveillance-sanitaire\/maladies-a-declaration-obligatoire-en-region-bruxelloise\" target=\"_blank\">\n\n\t\t\t\t\t\t\t\t\t\t\t\t<span class=\"elementor-icon-list-icon\">\n\t\t\t\t\t\t\t<i aria-hidden=\"true\" class=\"fas fa-dot-circle\"><\/i>\t\t\t\t\t\t<\/span>\n\t\t\t\t\t\t\t\t\t\t<span class=\"elementor-icon-list-text\">https:\/\/www.vivalis.brussels\/fr\/prevenir-et-agir\/surveillance-sanitaire\/maladies-a-declaration-obligatoire-en-region-bruxelloise<\/span>\n\t\t\t\t\t\t\t\t\t\t\t<\/a>\n\t\t\t\t\t\t\t\t\t<\/li>\n\t\t\t\t\t\t\t\t<li class=\"elementor-icon-list-item\">\n\t\t\t\t\t\t\t\t\t\t\t<span class=\"elementor-icon-list-icon\">\n\t\t\t\t\t\t\t<i aria-hidden=\"true\" class=\"fas fa-dot-circle\"><\/i>\t\t\t\t\t\t<\/span>\n\t\t\t\t\t\t\t\t\t\t<span class=\"elementor-icon-list-text\">02 552 01 91<\/span>\n\t\t\t\t\t\t\t\t\t<\/li>\n\t\t\t\t\t\t<\/ul>\n\t\t\t\t\t\t<\/div>\n\t\t\t\t<\/div>\n\t\t\t\t\t<\/div>\n\t\t<\/div>\n\t\t\t\t\t<\/div>\n\t\t<\/section>\n\t\t\t\t<section class=\"elementor-section elementor-top-section elementor-element elementor-element-bace830 elementor-section-boxed elementor-section-height-default elementor-section-height-default\" data-id=\"bace830\" data-element_type=\"section\" data-e-type=\"section\">\n\t\t\t\t\t\t<div class=\"elementor-container elementor-column-gap-default\">\n\t\t\t\t\t<div class=\"elementor-column elementor-col-100 elementor-top-column elementor-element elementor-element-2a7d4ab\" data-id=\"2a7d4ab\" data-element_type=\"column\" data-e-type=\"column\" data-settings=\"{&quot;background_background&quot;:&quot;classic&quot;}\">\n\t\t\t<div class=\"elementor-widget-wrap elementor-element-populated\">\n\t\t\t\t\t\t<div class=\"elementor-element elementor-element-915e4cd elementor-widget elementor-widget-text-editor\" data-id=\"915e4cd\" data-element_type=\"widget\" data-e-type=\"widget\" data-widget_type=\"text-editor.default\">\n\t\t\t\t<div class=\"elementor-widget-container\">\n\t\t\t\t\t\t\t\t\t<p>De plus, HOST-CUROZ dispose d&rsquo;une permanence t\u00e9l\u00e9phonique suppl\u00e9mentaire en semaine entre 9h et 16h:<\/p>\n\t\t\t\t\t\t\t\t<\/div>\n\t\t\t\t<\/div>\n\t\t\t\t<div class=\"elementor-element elementor-element-2379c97 elementor-icon-list--layout-traditional elementor-list-item-link-full_width elementor-widget elementor-widget-icon-list\" data-id=\"2379c97\" data-element_type=\"widget\" data-e-type=\"widget\" data-widget_type=\"icon-list.default\">\n\t\t\t\t<div class=\"elementor-widget-container\">\n\t\t\t\t\t\t\t<ul class=\"elementor-icon-list-items\">\n\t\t\t\t\t\t\t<li class=\"elementor-icon-list-item\">\n\t\t\t\t\t\t\t\t\t\t\t<a href=\"tel:024775688\">\n\n\t\t\t\t\t\t\t\t\t\t\t\t<span class=\"elementor-icon-list-icon\">\n\t\t\t\t\t\t\t<i aria-hidden=\"true\" class=\"fas fa-phone-alt\"><\/i>\t\t\t\t\t\t<\/span>\n\t\t\t\t\t\t\t\t\t\t<span class=\"elementor-icon-list-text\">02 477 56 88<\/span>\n\t\t\t\t\t\t\t\t\t\t\t<\/a>\n\t\t\t\t\t\t\t\t\t<\/li>\n\t\t\t\t\t\t<\/ul>\n\t\t\t\t\t\t<\/div>\n\t\t\t\t<\/div>\n\t\t\t\t\t<\/div>\n\t\t<\/div>\n\t\t\t\t\t<\/div>\n\t\t<\/section>\n\t\t\t\t<\/div>\n\t\t","protected":false},"excerpt":{"rendered":"<p>Service de garde Les services gouvernementaux r\u00e9gionaux sont le premier point de contact pour les maladies infectieuses \u00e0 d\u00e9claration obligatoire et en cas d&rsquo;\u00e9pid\u00e9mies. Flandre \u2013 Departement Zorg https:\/\/www.zorg-en-gezondheid.be\/contact-infectieziektebestrijding-en-vaccinatie Flandre Orientale : Dr Kris Keersmaekers &#8211; 02\/533 08 94 Brabant Flamand : Dr Wouter Dhaeze &#8211; 02\/533 08 93 Apr\u00e8s les heures de bureau 02\/512 [&hellip;]<\/p>\n","protected":false},"author":1,"featured_media":0,"parent":0,"menu_order":0,"comment_status":"closed","ping_status":"closed","template":"elementor_header_footer","meta":{"footnotes":""},"class_list":["post-5113","page","type-page","status-publish","hentry"],"yoast_head":"<!-- This site is optimized with the Yoast SEO plugin v27.5 - https:\/\/yoast.com\/product\/yoast-seo-wordpress\/ -->\n<title>Service de garde - Curoz Host<\/title>\n<meta name=\"robots\" content=\"index, follow, max-snippet:-1, max-image-preview:large, max-video-preview:-1\" \/>\n<link rel=\"canonical\" href=\"https:\/\/host-curoz.be\/fr\/service-de-garde\/\" \/>\n<meta property=\"og:locale\" content=\"fr_FR\" \/>\n<meta property=\"og:type\" content=\"article\" \/>\n<meta property=\"og:title\" content=\"Service de garde - Curoz Host\" \/>\n<meta property=\"og:description\" content=\"Service de garde Les services gouvernementaux r\u00e9gionaux sont le premier point de contact pour les maladies infectieuses \u00e0 d\u00e9claration obligatoire et en cas d&rsquo;\u00e9pid\u00e9mies. Flandre \u2013 Departement Zorg https:\/\/www.zorg-en-gezondheid.be\/contact-infectieziektebestrijding-en-vaccinatie Flandre Orientale : Dr Kris Keersmaekers &#8211; 02\/533 08 94 Brabant Flamand : Dr Wouter Dhaeze &#8211; 02\/533 08 93 Apr\u00e8s les heures de bureau 02\/512 [&hellip;]\" \/>\n<meta property=\"og:url\" content=\"https:\/\/host-curoz.be\/fr\/service-de-garde\/\" \/>\n<meta property=\"og:site_name\" content=\"Curoz Host\" \/>\n<meta property=\"article:modified_time\" content=\"2025-12-01T15:18:06+00:00\" \/>\n<meta name=\"twitter:card\" content=\"summary_large_image\" \/>\n<meta name=\"twitter:label1\" content=\"Dur\u00e9e de lecture estim\u00e9e\" \/>\n\t<meta name=\"twitter:data1\" content=\"1 minute\" \/>\n<script type=\"application\/ld+json\" class=\"yoast-schema-graph\">{\"@context\":\"https:\\\/\\\/schema.org\",\"@graph\":[{\"@type\":\"WebPage\",\"@id\":\"https:\\\/\\\/host-curoz.be\\\/fr\\\/service-de-garde\\\/\",\"url\":\"https:\\\/\\\/host-curoz.be\\\/fr\\\/service-de-garde\\\/\",\"name\":\"Service de garde - Curoz Host\",\"isPartOf\":{\"@id\":\"https:\\\/\\\/host-curoz.be\\\/fr\\\/#website\"},\"datePublished\":\"2022-09-06T12:28:12+00:00\",\"dateModified\":\"2025-12-01T15:18:06+00:00\",\"breadcrumb\":{\"@id\":\"https:\\\/\\\/host-curoz.be\\\/fr\\\/service-de-garde\\\/#breadcrumb\"},\"inLanguage\":\"fr-FR\",\"potentialAction\":[{\"@type\":\"ReadAction\",\"target\":[\"https:\\\/\\\/host-curoz.be\\\/fr\\\/service-de-garde\\\/\"]}]},{\"@type\":\"BreadcrumbList\",\"@id\":\"https:\\\/\\\/host-curoz.be\\\/fr\\\/service-de-garde\\\/#breadcrumb\",\"itemListElement\":[{\"@type\":\"ListItem\",\"position\":1,\"name\":\"Home\",\"item\":\"https:\\\/\\\/host-curoz.be\\\/fr\\\/\"},{\"@type\":\"ListItem\",\"position\":2,\"name\":\"Service de garde\"}]},{\"@type\":\"WebSite\",\"@id\":\"https:\\\/\\\/host-curoz.be\\\/fr\\\/#website\",\"url\":\"https:\\\/\\\/host-curoz.be\\\/fr\\\/\",\"name\":\"Curoz Host\",\"description\":\"\",\"publisher\":{\"@id\":\"https:\\\/\\\/host-curoz.be\\\/fr\\\/#organization\"},\"potentialAction\":[{\"@type\":\"SearchAction\",\"target\":{\"@type\":\"EntryPoint\",\"urlTemplate\":\"https:\\\/\\\/host-curoz.be\\\/fr\\\/?s={search_term_string}\"},\"query-input\":{\"@type\":\"PropertyValueSpecification\",\"valueRequired\":true,\"valueName\":\"search_term_string\"}}],\"inLanguage\":\"fr-FR\"},{\"@type\":\"Organization\",\"@id\":\"https:\\\/\\\/host-curoz.be\\\/fr\\\/#organization\",\"name\":\"Curoz Host\",\"url\":\"https:\\\/\\\/host-curoz.be\\\/fr\\\/\",\"logo\":{\"@type\":\"ImageObject\",\"inLanguage\":\"fr-FR\",\"@id\":\"https:\\\/\\\/host-curoz.be\\\/fr\\\/#\\\/schema\\\/logo\\\/image\\\/\",\"url\":\"https:\\\/\\\/host-curoz.be\\\/wp-content\\\/uploads\\\/2022\\\/06\\\/HOST-CUROZ.png\",\"contentUrl\":\"https:\\\/\\\/host-curoz.be\\\/wp-content\\\/uploads\\\/2022\\\/06\\\/HOST-CUROZ.png\",\"width\":208,\"height\":216,\"caption\":\"Curoz Host\"},\"image\":{\"@id\":\"https:\\\/\\\/host-curoz.be\\\/fr\\\/#\\\/schema\\\/logo\\\/image\\\/\"}}]}<\/script>\n<!-- \/ Yoast SEO plugin. -->","yoast_head_json":{"title":"Service de garde - Curoz Host","robots":{"index":"index","follow":"follow","max-snippet":"max-snippet:-1","max-image-preview":"max-image-preview:large","max-video-preview":"max-video-preview:-1"},"canonical":"https:\/\/host-curoz.be\/fr\/service-de-garde\/","og_locale":"fr_FR","og_type":"article","og_title":"Service de garde - Curoz Host","og_description":"Service de garde Les services gouvernementaux r\u00e9gionaux sont le premier point de contact pour les maladies infectieuses \u00e0 d\u00e9claration obligatoire et en cas d&rsquo;\u00e9pid\u00e9mies. Flandre \u2013 Departement Zorg https:\/\/www.zorg-en-gezondheid.be\/contact-infectieziektebestrijding-en-vaccinatie Flandre Orientale : Dr Kris Keersmaekers &#8211; 02\/533 08 94 Brabant Flamand : Dr Wouter Dhaeze &#8211; 02\/533 08 93 Apr\u00e8s les heures de bureau 02\/512 [&hellip;]","og_url":"https:\/\/host-curoz.be\/fr\/service-de-garde\/","og_site_name":"Curoz Host","article_modified_time":"2025-12-01T15:18:06+00:00","twitter_card":"summary_large_image","twitter_misc":{"Dur\u00e9e de lecture estim\u00e9e":"1 minute"},"schema":{"@context":"https:\/\/schema.org","@graph":[{"@type":"WebPage","@id":"https:\/\/host-curoz.be\/fr\/service-de-garde\/","url":"https:\/\/host-curoz.be\/fr\/service-de-garde\/","name":"Service de garde - Curoz Host","isPartOf":{"@id":"https:\/\/host-curoz.be\/fr\/#website"},"datePublished":"2022-09-06T12:28:12+00:00","dateModified":"2025-12-01T15:18:06+00:00","breadcrumb":{"@id":"https:\/\/host-curoz.be\/fr\/service-de-garde\/#breadcrumb"},"inLanguage":"fr-FR","potentialAction":[{"@type":"ReadAction","target":["https:\/\/host-curoz.be\/fr\/service-de-garde\/"]}]},{"@type":"BreadcrumbList","@id":"https:\/\/host-curoz.be\/fr\/service-de-garde\/#breadcrumb","itemListElement":[{"@type":"ListItem","position":1,"name":"Home","item":"https:\/\/host-curoz.be\/fr\/"},{"@type":"ListItem","position":2,"name":"Service de garde"}]},{"@type":"WebSite","@id":"https:\/\/host-curoz.be\/fr\/#website","url":"https:\/\/host-curoz.be\/fr\/","name":"Curoz Host","description":"","publisher":{"@id":"https:\/\/host-curoz.be\/fr\/#organization"},"potentialAction":[{"@type":"SearchAction","target":{"@type":"EntryPoint","urlTemplate":"https:\/\/host-curoz.be\/fr\/?s={search_term_string}"},"query-input":{"@type":"PropertyValueSpecification","valueRequired":true,"valueName":"search_term_string"}}],"inLanguage":"fr-FR"},{"@type":"Organization","@id":"https:\/\/host-curoz.be\/fr\/#organization","name":"Curoz Host","url":"https:\/\/host-curoz.be\/fr\/","logo":{"@type":"ImageObject","inLanguage":"fr-FR","@id":"https:\/\/host-curoz.be\/fr\/#\/schema\/logo\/image\/","url":"https:\/\/host-curoz.be\/wp-content\/uploads\/2022\/06\/HOST-CUROZ.png","contentUrl":"https:\/\/host-curoz.be\/wp-content\/uploads\/2022\/06\/HOST-CUROZ.png","width":208,"height":216,"caption":"Curoz Host"},"image":{"@id":"https:\/\/host-curoz.be\/fr\/#\/schema\/logo\/image\/"}}]}},"_links":{"self":[{"href":"https:\/\/host-curoz.be\/fr\/wp-json\/wp\/v2\/pages\/5113","targetHints":{"allow":["GET"]}}],"collection":[{"href":"https:\/\/host-curoz.be\/fr\/wp-json\/wp\/v2\/pages"}],"about":[{"href":"https:\/\/host-curoz.be\/fr\/wp-json\/wp\/v2\/types\/page"}],"author":[{"embeddable":true,"href":"https:\/\/host-curoz.be\/fr\/wp-json\/wp\/v2\/users\/1"}],"replies":[{"embeddable":true,"href":"https:\/\/host-curoz.be\/fr\/wp-json\/wp\/v2\/comments?post=5113"}],"version-history":[{"count":16,"href":"https:\/\/host-curoz.be\/fr\/wp-json\/wp\/v2\/pages\/5113\/revisions"}],"predecessor-version":[{"id":8629,"href":"https:\/\/host-curoz.be\/fr\/wp-json\/wp\/v2\/pages\/5113\/revisions\/8629"}],"wp:attachment":[{"href":"https:\/\/host-curoz.be\/fr\/wp-json\/wp\/v2\/media?parent=5113"}],"curies":[{"name":"wp","href":"https:\/\/api.w.org\/{rel}","templated":true}]}}