{"id":5111,"date":"2022-09-06T12:25:00","date_gmt":"2022-09-06T12:25:00","guid":{"rendered":"https:\/\/host-curoz.be\/mission-et-vision\/"},"modified":"2022-09-06T12:25:01","modified_gmt":"2022-09-06T12:25:01","slug":"mission-et-vision","status":"publish","type":"page","link":"https:\/\/host-curoz.be\/fr\/mission-et-vision\/","title":{"rendered":"Mission et Vision"},"content":{"rendered":"\t\t<div data-elementor-type=\"wp-page\" data-elementor-id=\"5111\" class=\"elementor elementor-5111 elementor-4385\" data-elementor-post-type=\"page\">\n\t\t\t\t\t\t<section class=\"elementor-section elementor-top-section elementor-element elementor-element-388c237d elementor-section-content-middle elementor-section-boxed elementor-section-height-default elementor-section-height-default\" data-id=\"388c237d\" data-element_type=\"section\" data-e-type=\"section\" data-settings=\"{&quot;background_background&quot;:&quot;classic&quot;}\">\n\t\t\t\t\t\t\t<div class=\"elementor-background-overlay\"><\/div>\n\t\t\t\t\t\t\t<div class=\"elementor-container elementor-column-gap-default\">\n\t\t\t\t\t<div class=\"elementor-column elementor-col-100 elementor-top-column elementor-element elementor-element-55abb35c\" data-id=\"55abb35c\" data-element_type=\"column\" data-e-type=\"column\">\n\t\t\t<div class=\"elementor-widget-wrap elementor-element-populated\">\n\t\t\t\t\t\t<div class=\"elementor-element elementor-element-de4c5e4 elementor-widget elementor-widget-heading\" data-id=\"de4c5e4\" data-element_type=\"widget\" data-e-type=\"widget\" data-widget_type=\"heading.default\">\n\t\t\t\t<div class=\"elementor-widget-container\">\n\t\t\t\t\t<h2 class=\"elementor-heading-title elementor-size-default\">Vision<\/h2>\t\t\t\t<\/div>\n\t\t\t\t<\/div>\n\t\t\t\t<div class=\"elementor-element elementor-element-a4021a4 elementor-widget elementor-widget-text-editor\" data-id=\"a4021a4\" data-element_type=\"widget\" data-e-type=\"widget\" data-widget_type=\"text-editor.default\">\n\t\t\t\t<div class=\"elementor-widget-container\">\n\t\t\t\t\t\t\t\t\t<p>HOST CUROZ veut donner l&rsquo;exemple en Flandre dans le domaine de la gestion des antimicrobiens et de la pr\u00e9vention des infections en promouvant l&rsquo;utilisation rationnelle des antimicrobiens, en r\u00e9duisant les infections nosocomiales \u00e9vitables ainsi qu&rsquo;en r\u00e9duisant l&rsquo;impact sur les soins de sant\u00e9 d&rsquo;\u00e9ventuelles futures \u00e9pid\u00e9mies.<\/p>\n\t\t\t\t\t\t\t\t<\/div>\n\t\t\t\t<\/div>\n\t\t\t\t<div class=\"elementor-element elementor-element-3bd39b2 elementor-widget elementor-widget-heading\" data-id=\"3bd39b2\" data-element_type=\"widget\" data-e-type=\"widget\" data-widget_type=\"heading.default\">\n\t\t\t\t<div class=\"elementor-widget-container\">\n\t\t\t\t\t<h2 class=\"elementor-heading-title elementor-size-default\">Mission<\/h2>\t\t\t\t<\/div>\n\t\t\t\t<\/div>\n\t\t\t\t<div class=\"elementor-element elementor-element-919654b elementor-widget elementor-widget-text-editor\" data-id=\"919654b\" data-element_type=\"widget\" data-e-type=\"widget\" data-widget_type=\"text-editor.default\">\n\t\t\t\t<div class=\"elementor-widget-container\">\n\t\t\t\t\t\t\t\t\t<p>Notre mission est de cr\u00e9er une collaboration intense<\/p>\n\t\t\t\t\t\t\t\t<\/div>\n\t\t\t\t<\/div>\n\t\t\t\t<div class=\"elementor-element elementor-element-e28d2fc elementor-icon-list--layout-traditional elementor-list-item-link-full_width elementor-widget elementor-widget-icon-list\" data-id=\"e28d2fc\" data-element_type=\"widget\" data-e-type=\"widget\" data-widget_type=\"icon-list.default\">\n\t\t\t\t<div class=\"elementor-widget-container\">\n\t\t\t\t\t\t\t<ul class=\"elementor-icon-list-items\">\n\t\t\t\t\t\t\t<li class=\"elementor-icon-list-item\">\n\t\t\t\t\t\t\t\t\t\t\t<span class=\"elementor-icon-list-icon\">\n\t\t\t\t\t\t\t<i aria-hidden=\"true\" class=\"fas fa-dot-circle\"><\/i>\t\t\t\t\t\t<\/span>\n\t\t\t\t\t\t\t\t\t\t<span class=\"elementor-icon-list-text\">entre les h\u00f4pitaux du r\u00e9seau eux-m\u00eames, pour renforcer la gestion des antimicrobiens et la pr\u00e9vention des infections dans les h\u00f4pitaux<\/span>\n\t\t\t\t\t\t\t\t\t<\/li>\n\t\t\t\t\t\t\t\t<li class=\"elementor-icon-list-item\">\n\t\t\t\t\t\t\t\t\t\t\t<span class=\"elementor-icon-list-icon\">\n\t\t\t\t\t\t\t<i aria-hidden=\"true\" class=\"fas fa-dot-circle\"><\/i>\t\t\t\t\t\t<\/span>\n\t\t\t\t\t\t\t\t\t\t<span class=\"elementor-icon-list-text\">entre les h\u00f4pitaux du r\u00e9seau d'une part et les collectivit\u00e9s locales d'h\u00e9bergement et les acteurs de premi\u00e8re ligne (dont les m\u00e9decins g\u00e9n\u00e9ralistes) d'autre part, pour partager connaissances et exp\u00e9riences et apporter un soutien dans le domaine de la gestion des antimicrobiens et de la pr\u00e9vention des infections<\/span>\n\t\t\t\t\t\t\t\t\t<\/li>\n\t\t\t\t\t\t\t\t<li class=\"elementor-icon-list-item\">\n\t\t\t\t\t\t\t\t\t\t\t<span class=\"elementor-icon-list-icon\">\n\t\t\t\t\t\t\t<i aria-hidden=\"true\" class=\"fas fa-dot-circle\"><\/i>\t\t\t\t\t\t<\/span>\n\t\t\t\t\t\t\t\t\t\t<span class=\"elementor-icon-list-text\">entre les h\u00f4pitaux du r\u00e9seau d'une part et les institutions gouvernementales et scientifiques d'autre part<\/span>\n\t\t\t\t\t\t\t\t\t<\/li>\n\t\t\t\t\t\t<\/ul>\n\t\t\t\t\t\t<\/div>\n\t\t\t\t<\/div>\n\t\t\t\t<div class=\"elementor-element elementor-element-5181d43 elementor-widget elementor-widget-text-editor\" data-id=\"5181d43\" data-element_type=\"widget\" data-e-type=\"widget\" data-widget_type=\"text-editor.default\">\n\t\t\t\t<div class=\"elementor-widget-container\">\n\t\t\t\t\t\t\t\t\t<p>avec pour but de mieux aligner les strat\u00e9gies antimicrobiennes et la pr\u00e9vention des infections avec les besoins du terrain dans le but de contribuer \u00e0 une strat\u00e9gie de pr\u00e9vention des infections plus efficace et \u00e0 une gestion des antimicrobiens rationnelle afin d&rsquo;am\u00e9liorer \u00e0 terme la qualit\u00e9 des soins aux patients<\/p>\n\t\t\t\t\t\t\t\t<\/div>\n\t\t\t\t<\/div>\n\t\t\t\t<div class=\"elementor-element elementor-element-cd2bf1b elementor-widget elementor-widget-heading\" data-id=\"cd2bf1b\" data-element_type=\"widget\" data-e-type=\"widget\" data-widget_type=\"heading.default\">\n\t\t\t\t<div class=\"elementor-widget-container\">\n\t\t\t\t\t<h2 class=\"elementor-heading-title elementor-size-default\">Valeurs<\/h2>\t\t\t\t<\/div>\n\t\t\t\t<\/div>\n\t\t\t\t<div class=\"elementor-element elementor-element-db8b35e elementor-widget elementor-widget-text-editor\" data-id=\"db8b35e\" data-element_type=\"widget\" data-e-type=\"widget\" data-widget_type=\"text-editor.default\">\n\t\t\t\t<div class=\"elementor-widget-container\">\n\t\t\t\t\t\t\t\t\t<p>Nos valeurs fondamentales sont : une coop\u00e9ration respectueuse, une communication ouverte et un enseignement dans une atmosph\u00e8re positive.<\/p>\n\t\t\t\t\t\t\t\t<\/div>\n\t\t\t\t<\/div>\n\t\t\t\t\t<\/div>\n\t\t<\/div>\n\t\t\t\t\t<\/div>\n\t\t<\/section>\n\t\t\t\t<\/div>\n\t\t","protected":false},"excerpt":{"rendered":"<p>Vision HOST CUROZ veut donner l&rsquo;exemple en Flandre dans le domaine de la gestion des antimicrobiens et de la pr\u00e9vention des infections en promouvant l&rsquo;utilisation rationnelle des antimicrobiens, en r\u00e9duisant les infections nosocomiales \u00e9vitables ainsi qu&rsquo;en r\u00e9duisant l&rsquo;impact sur les soins de sant\u00e9 d&rsquo;\u00e9ventuelles futures \u00e9pid\u00e9mies. Mission Notre mission est de cr\u00e9er une collaboration intense [&hellip;]<\/p>\n","protected":false},"author":1,"featured_media":0,"parent":0,"menu_order":0,"comment_status":"closed","ping_status":"closed","template":"elementor_header_footer","meta":{"footnotes":""},"class_list":["post-5111","page","type-page","status-publish","hentry"],"yoast_head":"<!-- This site is optimized with the Yoast SEO plugin v27.5 - https:\/\/yoast.com\/product\/yoast-seo-wordpress\/ -->\n<title>Mission et Vision - Curoz Host<\/title>\n<meta name=\"robots\" content=\"index, follow, max-snippet:-1, max-image-preview:large, max-video-preview:-1\" \/>\n<link rel=\"canonical\" href=\"https:\/\/host-curoz.be\/fr\/mission-et-vision\/\" \/>\n<meta property=\"og:locale\" content=\"fr_FR\" \/>\n<meta property=\"og:type\" content=\"article\" \/>\n<meta property=\"og:title\" content=\"Mission et Vision - Curoz Host\" \/>\n<meta property=\"og:description\" content=\"Vision HOST CUROZ veut donner l&rsquo;exemple en Flandre dans le domaine de la gestion des antimicrobiens et de la pr\u00e9vention des infections en promouvant l&rsquo;utilisation rationnelle des antimicrobiens, en r\u00e9duisant les infections nosocomiales \u00e9vitables ainsi qu&rsquo;en r\u00e9duisant l&rsquo;impact sur les soins de sant\u00e9 d&rsquo;\u00e9ventuelles futures \u00e9pid\u00e9mies. Mission Notre mission est de cr\u00e9er une collaboration intense [&hellip;]\" \/>\n<meta property=\"og:url\" content=\"https:\/\/host-curoz.be\/fr\/mission-et-vision\/\" \/>\n<meta property=\"og:site_name\" content=\"Curoz Host\" \/>\n<meta property=\"article:modified_time\" content=\"2022-09-06T12:25:01+00:00\" \/>\n<meta name=\"twitter:card\" content=\"summary_large_image\" \/>\n<meta name=\"twitter:label1\" content=\"Dur\u00e9e de lecture estim\u00e9e\" \/>\n\t<meta name=\"twitter:data1\" content=\"1 minute\" \/>\n<script type=\"application\/ld+json\" class=\"yoast-schema-graph\">{\"@context\":\"https:\\\/\\\/schema.org\",\"@graph\":[{\"@type\":\"WebPage\",\"@id\":\"https:\\\/\\\/host-curoz.be\\\/fr\\\/mission-et-vision\\\/\",\"url\":\"https:\\\/\\\/host-curoz.be\\\/fr\\\/mission-et-vision\\\/\",\"name\":\"Mission et Vision - Curoz Host\",\"isPartOf\":{\"@id\":\"https:\\\/\\\/host-curoz.be\\\/fr\\\/#website\"},\"datePublished\":\"2022-09-06T12:25:00+00:00\",\"dateModified\":\"2022-09-06T12:25:01+00:00\",\"breadcrumb\":{\"@id\":\"https:\\\/\\\/host-curoz.be\\\/fr\\\/mission-et-vision\\\/#breadcrumb\"},\"inLanguage\":\"fr-FR\",\"potentialAction\":[{\"@type\":\"ReadAction\",\"target\":[\"https:\\\/\\\/host-curoz.be\\\/fr\\\/mission-et-vision\\\/\"]}]},{\"@type\":\"BreadcrumbList\",\"@id\":\"https:\\\/\\\/host-curoz.be\\\/fr\\\/mission-et-vision\\\/#breadcrumb\",\"itemListElement\":[{\"@type\":\"ListItem\",\"position\":1,\"name\":\"Home\",\"item\":\"https:\\\/\\\/host-curoz.be\\\/fr\\\/\"},{\"@type\":\"ListItem\",\"position\":2,\"name\":\"Mission et Vision\"}]},{\"@type\":\"WebSite\",\"@id\":\"https:\\\/\\\/host-curoz.be\\\/fr\\\/#website\",\"url\":\"https:\\\/\\\/host-curoz.be\\\/fr\\\/\",\"name\":\"Curoz Host\",\"description\":\"\",\"publisher\":{\"@id\":\"https:\\\/\\\/host-curoz.be\\\/fr\\\/#organization\"},\"potentialAction\":[{\"@type\":\"SearchAction\",\"target\":{\"@type\":\"EntryPoint\",\"urlTemplate\":\"https:\\\/\\\/host-curoz.be\\\/fr\\\/?s={search_term_string}\"},\"query-input\":{\"@type\":\"PropertyValueSpecification\",\"valueRequired\":true,\"valueName\":\"search_term_string\"}}],\"inLanguage\":\"fr-FR\"},{\"@type\":\"Organization\",\"@id\":\"https:\\\/\\\/host-curoz.be\\\/fr\\\/#organization\",\"name\":\"Curoz Host\",\"url\":\"https:\\\/\\\/host-curoz.be\\\/fr\\\/\",\"logo\":{\"@type\":\"ImageObject\",\"inLanguage\":\"fr-FR\",\"@id\":\"https:\\\/\\\/host-curoz.be\\\/fr\\\/#\\\/schema\\\/logo\\\/image\\\/\",\"url\":\"https:\\\/\\\/host-curoz.be\\\/wp-content\\\/uploads\\\/2022\\\/06\\\/HOST-CUROZ.png\",\"contentUrl\":\"https:\\\/\\\/host-curoz.be\\\/wp-content\\\/uploads\\\/2022\\\/06\\\/HOST-CUROZ.png\",\"width\":208,\"height\":216,\"caption\":\"Curoz Host\"},\"image\":{\"@id\":\"https:\\\/\\\/host-curoz.be\\\/fr\\\/#\\\/schema\\\/logo\\\/image\\\/\"}}]}<\/script>\n<!-- \/ Yoast SEO plugin. -->","yoast_head_json":{"title":"Mission et Vision - Curoz Host","robots":{"index":"index","follow":"follow","max-snippet":"max-snippet:-1","max-image-preview":"max-image-preview:large","max-video-preview":"max-video-preview:-1"},"canonical":"https:\/\/host-curoz.be\/fr\/mission-et-vision\/","og_locale":"fr_FR","og_type":"article","og_title":"Mission et Vision - Curoz Host","og_description":"Vision HOST CUROZ veut donner l&rsquo;exemple en Flandre dans le domaine de la gestion des antimicrobiens et de la pr\u00e9vention des infections en promouvant l&rsquo;utilisation rationnelle des antimicrobiens, en r\u00e9duisant les infections nosocomiales \u00e9vitables ainsi qu&rsquo;en r\u00e9duisant l&rsquo;impact sur les soins de sant\u00e9 d&rsquo;\u00e9ventuelles futures \u00e9pid\u00e9mies. Mission Notre mission est de cr\u00e9er une collaboration intense [&hellip;]","og_url":"https:\/\/host-curoz.be\/fr\/mission-et-vision\/","og_site_name":"Curoz Host","article_modified_time":"2022-09-06T12:25:01+00:00","twitter_card":"summary_large_image","twitter_misc":{"Dur\u00e9e de lecture estim\u00e9e":"1 minute"},"schema":{"@context":"https:\/\/schema.org","@graph":[{"@type":"WebPage","@id":"https:\/\/host-curoz.be\/fr\/mission-et-vision\/","url":"https:\/\/host-curoz.be\/fr\/mission-et-vision\/","name":"Mission et Vision - Curoz Host","isPartOf":{"@id":"https:\/\/host-curoz.be\/fr\/#website"},"datePublished":"2022-09-06T12:25:00+00:00","dateModified":"2022-09-06T12:25:01+00:00","breadcrumb":{"@id":"https:\/\/host-curoz.be\/fr\/mission-et-vision\/#breadcrumb"},"inLanguage":"fr-FR","potentialAction":[{"@type":"ReadAction","target":["https:\/\/host-curoz.be\/fr\/mission-et-vision\/"]}]},{"@type":"BreadcrumbList","@id":"https:\/\/host-curoz.be\/fr\/mission-et-vision\/#breadcrumb","itemListElement":[{"@type":"ListItem","position":1,"name":"Home","item":"https:\/\/host-curoz.be\/fr\/"},{"@type":"ListItem","position":2,"name":"Mission et Vision"}]},{"@type":"WebSite","@id":"https:\/\/host-curoz.be\/fr\/#website","url":"https:\/\/host-curoz.be\/fr\/","name":"Curoz Host","description":"","publisher":{"@id":"https:\/\/host-curoz.be\/fr\/#organization"},"potentialAction":[{"@type":"SearchAction","target":{"@type":"EntryPoint","urlTemplate":"https:\/\/host-curoz.be\/fr\/?s={search_term_string}"},"query-input":{"@type":"PropertyValueSpecification","valueRequired":true,"valueName":"search_term_string"}}],"inLanguage":"fr-FR"},{"@type":"Organization","@id":"https:\/\/host-curoz.be\/fr\/#organization","name":"Curoz Host","url":"https:\/\/host-curoz.be\/fr\/","logo":{"@type":"ImageObject","inLanguage":"fr-FR","@id":"https:\/\/host-curoz.be\/fr\/#\/schema\/logo\/image\/","url":"https:\/\/host-curoz.be\/wp-content\/uploads\/2022\/06\/HOST-CUROZ.png","contentUrl":"https:\/\/host-curoz.be\/wp-content\/uploads\/2022\/06\/HOST-CUROZ.png","width":208,"height":216,"caption":"Curoz Host"},"image":{"@id":"https:\/\/host-curoz.be\/fr\/#\/schema\/logo\/image\/"}}]}},"_links":{"self":[{"href":"https:\/\/host-curoz.be\/fr\/wp-json\/wp\/v2\/pages\/5111","targetHints":{"allow":["GET"]}}],"collection":[{"href":"https:\/\/host-curoz.be\/fr\/wp-json\/wp\/v2\/pages"}],"about":[{"href":"https:\/\/host-curoz.be\/fr\/wp-json\/wp\/v2\/types\/page"}],"author":[{"embeddable":true,"href":"https:\/\/host-curoz.be\/fr\/wp-json\/wp\/v2\/users\/1"}],"replies":[{"embeddable":true,"href":"https:\/\/host-curoz.be\/fr\/wp-json\/wp\/v2\/comments?post=5111"}],"version-history":[{"count":1,"href":"https:\/\/host-curoz.be\/fr\/wp-json\/wp\/v2\/pages\/5111\/revisions"}],"predecessor-version":[{"id":5112,"href":"https:\/\/host-curoz.be\/fr\/wp-json\/wp\/v2\/pages\/5111\/revisions\/5112"}],"wp:attachment":[{"href":"https:\/\/host-curoz.be\/fr\/wp-json\/wp\/v2\/media?parent=5111"}],"curies":[{"name":"wp","href":"https:\/\/api.w.org\/{rel}","templated":true}]}}