{"id":5109,"date":"2022-09-06T12:05:28","date_gmt":"2022-09-06T12:05:28","guid":{"rendered":"https:\/\/host-curoz.be\/qui-sommes-nous-host-curoz\/"},"modified":"2022-11-14T12:25:51","modified_gmt":"2022-11-14T12:25:51","slug":"qui-sommes-nous-host-curoz","status":"publish","type":"page","link":"https:\/\/host-curoz.be\/fr\/qui-sommes-nous-host-curoz\/","title":{"rendered":"Qui sommes nous? Host Curoz"},"content":{"rendered":"\t\t<div data-elementor-type=\"wp-page\" data-elementor-id=\"5109\" class=\"elementor elementor-5109 elementor-4568\" data-elementor-post-type=\"page\">\n\t\t\t\t\t\t<section class=\"elementor-section elementor-top-section elementor-element elementor-element-91bcece elementor-section-content-middle elementor-section-boxed elementor-section-height-default elementor-section-height-default\" data-id=\"91bcece\" data-element_type=\"section\" data-e-type=\"section\" data-settings=\"{&quot;background_background&quot;:&quot;classic&quot;}\">\n\t\t\t\t\t\t\t<div class=\"elementor-background-overlay\"><\/div>\n\t\t\t\t\t\t\t<div class=\"elementor-container elementor-column-gap-default\">\n\t\t\t\t\t<div class=\"elementor-column elementor-col-100 elementor-top-column elementor-element elementor-element-d9e6135\" data-id=\"d9e6135\" data-element_type=\"column\" data-e-type=\"column\">\n\t\t\t<div class=\"elementor-widget-wrap elementor-element-populated\">\n\t\t\t\t\t\t<div class=\"elementor-element elementor-element-9be2f3a elementor-widget elementor-widget-heading\" data-id=\"9be2f3a\" data-element_type=\"widget\" data-e-type=\"widget\" data-widget_type=\"heading.default\">\n\t\t\t\t<div class=\"elementor-widget-container\">\n\t\t\t\t\t<h2 class=\"elementor-heading-title elementor-size-default\">HOST = Hospital Outbreak Support Team<\/h2>\t\t\t\t<\/div>\n\t\t\t\t<\/div>\n\t\t\t\t<div class=\"elementor-element elementor-element-cef29b1 elementor-widget elementor-widget-text-editor\" data-id=\"cef29b1\" data-element_type=\"widget\" data-e-type=\"widget\" data-widget_type=\"text-editor.default\">\n\t\t\t\t<div class=\"elementor-widget-container\">\n\t\t\t\t\t\t\t\t\t<p>Les &lsquo;Hospital Outbreak Support Teams&rsquo; ont \u00e9t\u00e9 cr\u00e9\u00e9es en 2021 en tant que <a href=\"https:\/\/organesdeconcertation.sante.belgique.be\/fr\/projet-pilote-hospital-outbreak-support-teams-host\">projet pilote du gouvernement<\/a>, pour d&rsquo;une part, intensifier la coop\u00e9ration entre les h\u00f4pitaux d&rsquo;un r\u00e9seau dans le domaine de la pr\u00e9vention des infections et de la gestion des antimicrobiens et, d&rsquo;autre part, mettre \u00e0 disposition les connaissances et l&rsquo;expertise des h\u00f4pitaux dans ces domaines, des centres de soins r\u00e9sidentiels, des autres \u00e9tablissements r\u00e9sidentiels et des soins primaires.<\/p><p>Les projets pilotes s&rsquo;inscrivent dans le cadre du plan d&rsquo;action national contre l&rsquo;antibior\u00e9sistance (NAP-AMR). HOST CUROZ est l&rsquo;un des 24 projets pilotes HOST lanc\u00e9s en Belgique.<\/p>\t\t\t\t\t\t\t\t<\/div>\n\t\t\t\t<\/div>\n\t\t\t\t\t<\/div>\n\t\t<\/div>\n\t\t\t\t\t<\/div>\n\t\t<\/section>\n\t\t\t\t<section class=\"elementor-section elementor-top-section elementor-element elementor-element-ebdabed elementor-section-content-middle elementor-section-boxed elementor-section-height-default elementor-section-height-default\" data-id=\"ebdabed\" data-element_type=\"section\" data-e-type=\"section\" data-settings=\"{&quot;background_background&quot;:&quot;classic&quot;}\">\n\t\t\t\t\t\t\t<div class=\"elementor-background-overlay\"><\/div>\n\t\t\t\t\t\t\t<div class=\"elementor-container elementor-column-gap-default\">\n\t\t\t\t\t<div class=\"elementor-column elementor-col-50 elementor-top-column elementor-element elementor-element-85b018e\" data-id=\"85b018e\" data-element_type=\"column\" data-e-type=\"column\">\n\t\t\t<div class=\"elementor-widget-wrap elementor-element-populated\">\n\t\t\t\t\t\t<div class=\"elementor-element elementor-element-e95fff0 elementor-widget elementor-widget-heading\" data-id=\"e95fff0\" data-element_type=\"widget\" data-e-type=\"widget\" data-widget_type=\"heading.default\">\n\t\t\t\t<div class=\"elementor-widget-container\">\n\t\t\t\t\t<h2 class=\"elementor-heading-title elementor-size-default\">HOST CUROZ<\/h2>\t\t\t\t<\/div>\n\t\t\t\t<\/div>\n\t\t\t\t<div class=\"elementor-element elementor-element-f2af2d3 elementor-widget elementor-widget-text-editor\" data-id=\"f2af2d3\" data-element_type=\"widget\" data-e-type=\"widget\" data-widget_type=\"text-editor.default\">\n\t\t\t\t<div class=\"elementor-widget-container\">\n\t\t\t\t\t\t\t\t\t<p>L&rsquo;\u2019Hospital Outbreak Support Team\u2019 du <a href=\"https:\/\/host-curoz.be\/fr\/wie-zijn-we\/\">r\u00e9seau hospitalier CUROZ<\/a> (HOST CUROZ en abr\u00e9g\u00e9) se compose d&rsquo;une \u00e9quipe de prestataires de soins de sant\u00e9 ayant une expertise dans la pr\u00e9vention des infections et la gestion des antimicrobiens. Il est dirig\u00e9 par un comit\u00e9 de pilotage qui suit les missions de l&rsquo;\u00e9quipe HOST.<\/p>\t\t\t\t\t\t\t\t<\/div>\n\t\t\t\t<\/div>\n\t\t\t\t<div class=\"elementor-element elementor-element-aca9156 elementor-icon-list--layout-traditional elementor-list-item-link-full_width elementor-widget elementor-widget-icon-list\" data-id=\"aca9156\" data-element_type=\"widget\" data-e-type=\"widget\" data-widget_type=\"icon-list.default\">\n\t\t\t\t<div class=\"elementor-widget-container\">\n\t\t\t\t\t\t\t<ul class=\"elementor-icon-list-items\">\n\t\t\t\t\t\t\t<li class=\"elementor-icon-list-item\">\n\t\t\t\t\t\t\t\t\t\t\t<a href=\"https:\/\/host-curoz.be\/fr\/membres-de-lequipe-host\/\">\n\n\t\t\t\t\t\t\t\t\t\t\t\t<span class=\"elementor-icon-list-icon\">\n\t\t\t\t\t\t\t<i aria-hidden=\"true\" class=\"fas fa-dot-circle\"><\/i>\t\t\t\t\t\t<\/span>\n\t\t\t\t\t\t\t\t\t\t<span class=\"elementor-icon-list-text\">Membres de l'\u00e9quipe HOST<\/span>\n\t\t\t\t\t\t\t\t\t\t\t<\/a>\n\t\t\t\t\t\t\t\t\t<\/li>\n\t\t\t\t\t\t\t\t<li class=\"elementor-icon-list-item\">\n\t\t\t\t\t\t\t\t\t\t\t<a href=\"https:\/\/host-curoz.be\/fr\/leden-host-stuurgroep\">\n\n\t\t\t\t\t\t\t\t\t\t\t\t<span class=\"elementor-icon-list-icon\">\n\t\t\t\t\t\t\t<i aria-hidden=\"true\" class=\"fas fa-dot-circle\"><\/i>\t\t\t\t\t\t<\/span>\n\t\t\t\t\t\t\t\t\t\t<span class=\"elementor-icon-list-text\">Membres du comit\u00e9 directeur HOST<\/span>\n\t\t\t\t\t\t\t\t\t\t\t<\/a>\n\t\t\t\t\t\t\t\t\t<\/li>\n\t\t\t\t\t\t<\/ul>\n\t\t\t\t\t\t<\/div>\n\t\t\t\t<\/div>\n\t\t\t\t\t<\/div>\n\t\t<\/div>\n\t\t\t\t<div class=\"elementor-column elementor-col-50 elementor-top-column elementor-element elementor-element-f6f1dd5\" data-id=\"f6f1dd5\" data-element_type=\"column\" data-e-type=\"column\">\n\t\t\t<div class=\"elementor-widget-wrap elementor-element-populated\">\n\t\t\t\t\t\t<div class=\"elementor-element elementor-element-93e3159 elementor-widget elementor-widget-image\" data-id=\"93e3159\" data-element_type=\"widget\" data-e-type=\"widget\" data-widget_type=\"image.default\">\n\t\t\t\t<div class=\"elementor-widget-container\">\n\t\t\t\t\t\t\t\t\t\t\t\t\t\t\t<img decoding=\"async\" width=\"208\" height=\"216\" src=\"https:\/\/host-curoz.be\/wp-content\/uploads\/2022\/06\/HOST-CUROZ.png\" class=\"attachment-large size-large wp-image-5049\" alt=\"\" \/>\t\t\t\t\t\t\t\t\t\t\t\t\t\t\t<\/div>\n\t\t\t\t<\/div>\n\t\t\t\t\t<\/div>\n\t\t<\/div>\n\t\t\t\t\t<\/div>\n\t\t<\/section>\n\t\t\t\t<\/div>\n\t\t","protected":false},"excerpt":{"rendered":"<p>HOST = Hospital Outbreak Support Team Les &lsquo;Hospital Outbreak Support Teams&rsquo; ont \u00e9t\u00e9 cr\u00e9\u00e9es en 2021 en tant que projet pilote du gouvernement, pour d&rsquo;une part, intensifier la coop\u00e9ration entre les h\u00f4pitaux d&rsquo;un r\u00e9seau dans le domaine de la pr\u00e9vention des infections et de la gestion des antimicrobiens et, d&rsquo;autre part, mettre \u00e0 disposition les [&hellip;]<\/p>\n","protected":false},"author":1,"featured_media":0,"parent":0,"menu_order":0,"comment_status":"closed","ping_status":"closed","template":"elementor_header_footer","meta":{"footnotes":""},"class_list":["post-5109","page","type-page","status-publish","hentry"],"yoast_head":"<!-- This site is optimized with the Yoast SEO plugin v27.4 - https:\/\/yoast.com\/product\/yoast-seo-wordpress\/ -->\n<title>Qui sommes nous? Host Curoz - Curoz Host<\/title>\n<meta name=\"robots\" content=\"index, follow, max-snippet:-1, max-image-preview:large, max-video-preview:-1\" \/>\n<link rel=\"canonical\" href=\"https:\/\/host-curoz.be\/fr\/qui-sommes-nous-host-curoz\/\" \/>\n<meta property=\"og:locale\" content=\"fr_FR\" \/>\n<meta property=\"og:type\" content=\"article\" \/>\n<meta property=\"og:title\" content=\"Qui sommes nous? Host Curoz - Curoz Host\" \/>\n<meta property=\"og:description\" content=\"HOST = Hospital Outbreak Support Team Les &lsquo;Hospital Outbreak Support Teams&rsquo; ont \u00e9t\u00e9 cr\u00e9\u00e9es en 2021 en tant que projet pilote du gouvernement, pour d&rsquo;une part, intensifier la coop\u00e9ration entre les h\u00f4pitaux d&rsquo;un r\u00e9seau dans le domaine de la pr\u00e9vention des infections et de la gestion des antimicrobiens et, d&rsquo;autre part, mettre \u00e0 disposition les [&hellip;]\" \/>\n<meta property=\"og:url\" content=\"https:\/\/host-curoz.be\/fr\/qui-sommes-nous-host-curoz\/\" \/>\n<meta property=\"og:site_name\" content=\"Curoz Host\" \/>\n<meta property=\"article:modified_time\" content=\"2022-11-14T12:25:51+00:00\" \/>\n<meta property=\"og:image\" content=\"https:\/\/host-curoz.be\/wp-content\/uploads\/2022\/06\/HOST-CUROZ.png\" \/>\n<meta name=\"twitter:card\" content=\"summary_large_image\" \/>\n<meta name=\"twitter:label1\" content=\"Dur\u00e9e de lecture estim\u00e9e\" \/>\n\t<meta name=\"twitter:data1\" content=\"2 minutes\" \/>\n<script type=\"application\/ld+json\" class=\"yoast-schema-graph\">{\"@context\":\"https:\\\/\\\/schema.org\",\"@graph\":[{\"@type\":\"WebPage\",\"@id\":\"https:\\\/\\\/host-curoz.be\\\/fr\\\/qui-sommes-nous-host-curoz\\\/\",\"url\":\"https:\\\/\\\/host-curoz.be\\\/fr\\\/qui-sommes-nous-host-curoz\\\/\",\"name\":\"Qui sommes nous? Host Curoz - Curoz Host\",\"isPartOf\":{\"@id\":\"https:\\\/\\\/host-curoz.be\\\/fr\\\/#website\"},\"primaryImageOfPage\":{\"@id\":\"https:\\\/\\\/host-curoz.be\\\/fr\\\/qui-sommes-nous-host-curoz\\\/#primaryimage\"},\"image\":{\"@id\":\"https:\\\/\\\/host-curoz.be\\\/fr\\\/qui-sommes-nous-host-curoz\\\/#primaryimage\"},\"thumbnailUrl\":\"https:\\\/\\\/host-curoz.be\\\/wp-content\\\/uploads\\\/2022\\\/06\\\/HOST-CUROZ.png\",\"datePublished\":\"2022-09-06T12:05:28+00:00\",\"dateModified\":\"2022-11-14T12:25:51+00:00\",\"breadcrumb\":{\"@id\":\"https:\\\/\\\/host-curoz.be\\\/fr\\\/qui-sommes-nous-host-curoz\\\/#breadcrumb\"},\"inLanguage\":\"fr-FR\",\"potentialAction\":[{\"@type\":\"ReadAction\",\"target\":[\"https:\\\/\\\/host-curoz.be\\\/fr\\\/qui-sommes-nous-host-curoz\\\/\"]}]},{\"@type\":\"ImageObject\",\"inLanguage\":\"fr-FR\",\"@id\":\"https:\\\/\\\/host-curoz.be\\\/fr\\\/qui-sommes-nous-host-curoz\\\/#primaryimage\",\"url\":\"https:\\\/\\\/host-curoz.be\\\/wp-content\\\/uploads\\\/2022\\\/06\\\/HOST-CUROZ.png\",\"contentUrl\":\"https:\\\/\\\/host-curoz.be\\\/wp-content\\\/uploads\\\/2022\\\/06\\\/HOST-CUROZ.png\"},{\"@type\":\"BreadcrumbList\",\"@id\":\"https:\\\/\\\/host-curoz.be\\\/fr\\\/qui-sommes-nous-host-curoz\\\/#breadcrumb\",\"itemListElement\":[{\"@type\":\"ListItem\",\"position\":1,\"name\":\"Home\",\"item\":\"https:\\\/\\\/host-curoz.be\\\/fr\\\/\"},{\"@type\":\"ListItem\",\"position\":2,\"name\":\"Qui sommes nous? Host Curoz\"}]},{\"@type\":\"WebSite\",\"@id\":\"https:\\\/\\\/host-curoz.be\\\/fr\\\/#website\",\"url\":\"https:\\\/\\\/host-curoz.be\\\/fr\\\/\",\"name\":\"Curoz Host\",\"description\":\"\",\"publisher\":{\"@id\":\"https:\\\/\\\/host-curoz.be\\\/fr\\\/#organization\"},\"potentialAction\":[{\"@type\":\"SearchAction\",\"target\":{\"@type\":\"EntryPoint\",\"urlTemplate\":\"https:\\\/\\\/host-curoz.be\\\/fr\\\/?s={search_term_string}\"},\"query-input\":{\"@type\":\"PropertyValueSpecification\",\"valueRequired\":true,\"valueName\":\"search_term_string\"}}],\"inLanguage\":\"fr-FR\"},{\"@type\":\"Organization\",\"@id\":\"https:\\\/\\\/host-curoz.be\\\/fr\\\/#organization\",\"name\":\"Curoz Host\",\"url\":\"https:\\\/\\\/host-curoz.be\\\/fr\\\/\",\"logo\":{\"@type\":\"ImageObject\",\"inLanguage\":\"fr-FR\",\"@id\":\"https:\\\/\\\/host-curoz.be\\\/fr\\\/#\\\/schema\\\/logo\\\/image\\\/\",\"url\":\"https:\\\/\\\/host-curoz.be\\\/wp-content\\\/uploads\\\/2022\\\/06\\\/HOST-CUROZ.png\",\"contentUrl\":\"https:\\\/\\\/host-curoz.be\\\/wp-content\\\/uploads\\\/2022\\\/06\\\/HOST-CUROZ.png\",\"width\":208,\"height\":216,\"caption\":\"Curoz Host\"},\"image\":{\"@id\":\"https:\\\/\\\/host-curoz.be\\\/fr\\\/#\\\/schema\\\/logo\\\/image\\\/\"}}]}<\/script>\n<!-- \/ Yoast SEO plugin. -->","yoast_head_json":{"title":"Qui sommes nous? Host Curoz - Curoz Host","robots":{"index":"index","follow":"follow","max-snippet":"max-snippet:-1","max-image-preview":"max-image-preview:large","max-video-preview":"max-video-preview:-1"},"canonical":"https:\/\/host-curoz.be\/fr\/qui-sommes-nous-host-curoz\/","og_locale":"fr_FR","og_type":"article","og_title":"Qui sommes nous? Host Curoz - Curoz Host","og_description":"HOST = Hospital Outbreak Support Team Les &lsquo;Hospital Outbreak Support Teams&rsquo; ont \u00e9t\u00e9 cr\u00e9\u00e9es en 2021 en tant que projet pilote du gouvernement, pour d&rsquo;une part, intensifier la coop\u00e9ration entre les h\u00f4pitaux d&rsquo;un r\u00e9seau dans le domaine de la pr\u00e9vention des infections et de la gestion des antimicrobiens et, d&rsquo;autre part, mettre \u00e0 disposition les [&hellip;]","og_url":"https:\/\/host-curoz.be\/fr\/qui-sommes-nous-host-curoz\/","og_site_name":"Curoz Host","article_modified_time":"2022-11-14T12:25:51+00:00","og_image":[{"url":"https:\/\/host-curoz.be\/wp-content\/uploads\/2022\/06\/HOST-CUROZ.png","type":"","width":"","height":""}],"twitter_card":"summary_large_image","twitter_misc":{"Dur\u00e9e de lecture estim\u00e9e":"2 minutes"},"schema":{"@context":"https:\/\/schema.org","@graph":[{"@type":"WebPage","@id":"https:\/\/host-curoz.be\/fr\/qui-sommes-nous-host-curoz\/","url":"https:\/\/host-curoz.be\/fr\/qui-sommes-nous-host-curoz\/","name":"Qui sommes nous? Host Curoz - Curoz Host","isPartOf":{"@id":"https:\/\/host-curoz.be\/fr\/#website"},"primaryImageOfPage":{"@id":"https:\/\/host-curoz.be\/fr\/qui-sommes-nous-host-curoz\/#primaryimage"},"image":{"@id":"https:\/\/host-curoz.be\/fr\/qui-sommes-nous-host-curoz\/#primaryimage"},"thumbnailUrl":"https:\/\/host-curoz.be\/wp-content\/uploads\/2022\/06\/HOST-CUROZ.png","datePublished":"2022-09-06T12:05:28+00:00","dateModified":"2022-11-14T12:25:51+00:00","breadcrumb":{"@id":"https:\/\/host-curoz.be\/fr\/qui-sommes-nous-host-curoz\/#breadcrumb"},"inLanguage":"fr-FR","potentialAction":[{"@type":"ReadAction","target":["https:\/\/host-curoz.be\/fr\/qui-sommes-nous-host-curoz\/"]}]},{"@type":"ImageObject","inLanguage":"fr-FR","@id":"https:\/\/host-curoz.be\/fr\/qui-sommes-nous-host-curoz\/#primaryimage","url":"https:\/\/host-curoz.be\/wp-content\/uploads\/2022\/06\/HOST-CUROZ.png","contentUrl":"https:\/\/host-curoz.be\/wp-content\/uploads\/2022\/06\/HOST-CUROZ.png"},{"@type":"BreadcrumbList","@id":"https:\/\/host-curoz.be\/fr\/qui-sommes-nous-host-curoz\/#breadcrumb","itemListElement":[{"@type":"ListItem","position":1,"name":"Home","item":"https:\/\/host-curoz.be\/fr\/"},{"@type":"ListItem","position":2,"name":"Qui sommes nous? Host Curoz"}]},{"@type":"WebSite","@id":"https:\/\/host-curoz.be\/fr\/#website","url":"https:\/\/host-curoz.be\/fr\/","name":"Curoz Host","description":"","publisher":{"@id":"https:\/\/host-curoz.be\/fr\/#organization"},"potentialAction":[{"@type":"SearchAction","target":{"@type":"EntryPoint","urlTemplate":"https:\/\/host-curoz.be\/fr\/?s={search_term_string}"},"query-input":{"@type":"PropertyValueSpecification","valueRequired":true,"valueName":"search_term_string"}}],"inLanguage":"fr-FR"},{"@type":"Organization","@id":"https:\/\/host-curoz.be\/fr\/#organization","name":"Curoz Host","url":"https:\/\/host-curoz.be\/fr\/","logo":{"@type":"ImageObject","inLanguage":"fr-FR","@id":"https:\/\/host-curoz.be\/fr\/#\/schema\/logo\/image\/","url":"https:\/\/host-curoz.be\/wp-content\/uploads\/2022\/06\/HOST-CUROZ.png","contentUrl":"https:\/\/host-curoz.be\/wp-content\/uploads\/2022\/06\/HOST-CUROZ.png","width":208,"height":216,"caption":"Curoz Host"},"image":{"@id":"https:\/\/host-curoz.be\/fr\/#\/schema\/logo\/image\/"}}]}},"_links":{"self":[{"href":"https:\/\/host-curoz.be\/fr\/wp-json\/wp\/v2\/pages\/5109","targetHints":{"allow":["GET"]}}],"collection":[{"href":"https:\/\/host-curoz.be\/fr\/wp-json\/wp\/v2\/pages"}],"about":[{"href":"https:\/\/host-curoz.be\/fr\/wp-json\/wp\/v2\/types\/page"}],"author":[{"embeddable":true,"href":"https:\/\/host-curoz.be\/fr\/wp-json\/wp\/v2\/users\/1"}],"replies":[{"embeddable":true,"href":"https:\/\/host-curoz.be\/fr\/wp-json\/wp\/v2\/comments?post=5109"}],"version-history":[{"count":16,"href":"https:\/\/host-curoz.be\/fr\/wp-json\/wp\/v2\/pages\/5109\/revisions"}],"predecessor-version":[{"id":5568,"href":"https:\/\/host-curoz.be\/fr\/wp-json\/wp\/v2\/pages\/5109\/revisions\/5568"}],"wp:attachment":[{"href":"https:\/\/host-curoz.be\/fr\/wp-json\/wp\/v2\/media?parent=5109"}],"curies":[{"name":"wp","href":"https:\/\/api.w.org\/{rel}","templated":true}]}}